{"id":5,"date":"2011-06-27T12:55:37","date_gmt":"2011-06-27T12:55:37","guid":{"rendered":"http:\/\/www.pizzeriadamassimo.de\/wordpress\/?page_id=5"},"modified":"2023-01-29T17:54:09","modified_gmt":"2023-01-29T16:54:09","slug":"kontakt","status":"publish","type":"page","link":"http:\/\/www.pizzeriadamassimo.de\/?page_id=5","title":{"rendered":"Kontakt"},"content":{"rendered":"<p><center><\/p>\n<h4>Pizzeria da Massimo<br \/>\nPfeffenhausener Stra\u00dfe 47<br \/>\nD-84032 Pfettrach<\/h4>\n<h4>Telefon: 08704-91697<br \/>\nFax: 08704-928095<\/h4>\n<p><\/center><\/p>\n<h4>Wir haben zu folgenden Zeiten f\u00fcr Sie ge\u00f6ffnet:<\/h4>\n<h3>Winter\u00f6ffnungszeiten:<\/h3>\n<h4>Montag bis Freitag von 11:00 bis 14:00 Uhr und von 17:00 bis 23:00 Uhr<br \/>\nSamstag, Sonntag und Feiertag von 11:00 bis 23:00 Uhr<br \/>\nMittwoch ist Ruhetag<\/h4>\n<h3>Sommer\u00f6ffnungszeiten:<\/h3>\n<h4>Montag bis Sonntag von 11:00 bis 23:00 Uhr<br \/>\nwarme K\u00fcche 11:00 bis 14:00 Uhr und von 17:00 bis 23:00 Uhr<br \/>\nPizzen und Salate von 11:00 bis 23:00 Uhr erh\u00e4ltlich<br \/>\nMittwoch ist Ruhetag<\/h4>\n<p><iframe loading=\"lazy\" src=\"http:\/\/maps.google.de\/maps?f=q&amp;source=s_q&amp;hl=de&amp;geocode=&amp;q=Pizzeria+da+Massimo,+Pfeffenhausener+Stra%C3%9Fe,+Altdorf,+Landshut&amp;aq=0&amp;sll=51.151786,10.415039&amp;sspn=20.953177,67.631836&amp;ie=UTF8&amp;hq=Pizzeria+da+Massimo,&amp;hnear=Pfeffenhausener+Stra%C3%9Fe,+84032+Altdorf,+Landshut,+Bayern&amp;z=14&amp;iwloc=A&amp;cid=16616585640298450983&amp;ll=48.57479,12.07427&amp;output=embed\" width=\"800\" height=\"800\" frameborder=\"0\" marginwidth=\"0\" marginheight=\"0\" scrolling=\"no\"><\/iframe><br \/>\n<small><a style=\"color: #0000ff; text-align: left;\" href=\"http:\/\/maps.google.de\/maps?f=q&amp;source=embed&amp;hl=de&amp;geocode=&amp;q=Pizzeria+da+Massimo,+Pfeffenhausener+Stra%C3%9Fe,+Altdorf,+Landshut&amp;aq=0&amp;sll=51.151786,10.415039&amp;sspn=20.953177,67.631836&amp;ie=UTF8&amp;hq=Pizzeria+da+Massimo,&amp;hnear=Pfeffenhausener+Stra%C3%9Fe,+84032+Altdorf,+Landshut,+Bayern&amp;z=14&amp;iwloc=A&amp;cid=16616585640298450983&amp;ll=48.57479,12.07427\">Gr\u00f6\u00dfere Kartenansicht<\/a><\/small><\/p>\n<p><span class=\"geschwungen\" style=\"font-size: 32px;\">\u00a0<\/span><\/p>\n","protected":false},"excerpt":{"rendered":"<p>Pizzeria da Massimo Pfeffenhausener Stra\u00dfe 47 D-84032 Pfettrach Telefon: 08704-91697 Fax: 08704-928095 Wir haben zu folgenden Zeiten f\u00fcr Sie ge\u00f6ffnet: Winter\u00f6ffnungszeiten: Montag bis Freitag von 11:00 bis 14:00 Uhr und von 17:00 bis 23:00 Uhr Samstag, Sonntag und Feiertag von 11:00 bis 23:00 Uhr Mittwoch ist Ruhetag Sommer\u00f6ffnungszeiten: Montag bis Sonntag von 11:00 bis 23:00 [&hellip;]<\/p>\n","protected":false},"author":2,"featured_media":0,"parent":0,"menu_order":0,"comment_status":"open","ping_status":"open","template":"page-layout-single-template.php","meta":{"footnotes":""},"_links":{"self":[{"href":"http:\/\/www.pizzeriadamassimo.de\/index.php?rest_route=\/wp\/v2\/pages\/5"}],"collection":[{"href":"http:\/\/www.pizzeriadamassimo.de\/index.php?rest_route=\/wp\/v2\/pages"}],"about":[{"href":"http:\/\/www.pizzeriadamassimo.de\/index.php?rest_route=\/wp\/v2\/types\/page"}],"author":[{"embeddable":true,"href":"http:\/\/www.pizzeriadamassimo.de\/index.php?rest_route=\/wp\/v2\/users\/2"}],"replies":[{"embeddable":true,"href":"http:\/\/www.pizzeriadamassimo.de\/index.php?rest_route=%2Fwp%2Fv2%2Fcomments&post=5"}],"version-history":[{"count":12,"href":"http:\/\/www.pizzeriadamassimo.de\/index.php?rest_route=\/wp\/v2\/pages\/5\/revisions"}],"predecessor-version":[{"id":2171,"href":"http:\/\/www.pizzeriadamassimo.de\/index.php?rest_route=\/wp\/v2\/pages\/5\/revisions\/2171"}],"wp:attachment":[{"href":"http:\/\/www.pizzeriadamassimo.de\/index.php?rest_route=%2Fwp%2Fv2%2Fmedia&parent=5"}],"curies":[{"name":"wp","href":"https:\/\/api.w.org\/{rel}","templated":true}]}}